{"id":221,"date":"2017-12-18T18:05:16","date_gmt":"2017-12-18T18:05:16","guid":{"rendered":"http:\/\/www.craniosacralyoga.eu\/?page_id=221"},"modified":"2017-12-18T18:06:47","modified_gmt":"2017-12-18T18:06:47","slug":"lektori","status":"publish","type":"page","link":"https:\/\/www.craniosacralyoga.eu\/index.php\/cs\/lektori\/","title":{"rendered":"Lekto\u0159i Evropsk\u00e9ho centra kraniosakr\u00e1ln\u00ed j\u00f3gy"},"content":{"rendered":"<div id=\"pl-221\"  class=\"panel-layout\" ><div id=\"pg-221-0\"  class=\"panel-grid panel-has-style\" ><div style=\"padding-top: 100px; padding-bottom: 100px; \" data-mobile-padding=\"50px\" data-overlay-color=\"#000000\" class=\"panel-row-style panel-row-style-for-221-0\" ><div id=\"pgc-221-0-0\"  class=\"panel-grid-cell\" ><div id=\"panel-221-0-0-0\" class=\"so-panel widget widget_text panel-first-child panel-last-child\" data-index=\"0\" ><div style=\"text-align: left;\" data-title-color=\"#2d3142\" data-headings-color=\"#2d3142\" class=\"panel-widget-style panel-widget-style-for-221-0-0-0\" >\t\t\t<div class=\"textwidget\"><p><img loading=\"lazy\" decoding=\"async\" class=\"aligncenter wp-image-211 size-full\" src=\"http:\/\/www.craniosacralyoga.eu\/wp-content\/uploads\/2017\/12\/lektory_header.png\" alt=\"\" width=\"604\" height=\"324\" srcset=\"https:\/\/www.craniosacralyoga.eu\/wp-content\/uploads\/2017\/12\/lektory_header.png 604w, https:\/\/www.craniosacralyoga.eu\/wp-content\/uploads\/2017\/12\/lektory_header-300x161.png 300w, https:\/\/www.craniosacralyoga.eu\/wp-content\/uploads\/2017\/12\/lektory_header-200x107.png 200w\" sizes=\"(max-width: 604px) 100vw, 604px\" \/><\/p>\n<p>LUCIE a RADEK<\/p>\n<p>R\u00e1di medituj\u00ed, cestuj\u00ed a lezou po skal\u00e1ch. Znaj\u00ed se u\u017e p\u0159es dvacet let a p\u011bt let jsou man\u017eel\u00e9. Ka\u017edoro\u010dn\u011b jezd\u00ed cvi\u010dit j\u00f3gu na Sr\u00ed lanku, kter\u00e1 jim d\u00edky Th\u00e9rav\u00e1dov\u00e9mu Buddhismu, lidem a p\u0159\u00edrod\u011b p\u0159irostla k\u00a0srdci. Lucie je kraniosakr\u00e1ln\u00ed terapeut praktikuj\u00edc\u00ed \u0161kolu Dr. Upledgera a pod\u00edlej\u00edc\u00ed se na v\u00fdzkumu aplikace kraniosakr\u00e1ln\u00edch technik na j\u00f3gu a t\u00edm ovlivn\u011bn\u00ed zdrav\u00ed t\u011bla i jeho emoc\u00ed. Radek je pr\u016fvodce terapi\u00ed tmou i Sr\u00ed Lankou, sportovn\u00ed lezec a \u0161erm\u00ed\u0159. J\u00f3ga je pro n\u011b cestou \u017eivota, nikoli jen cvi\u010den\u00edm \u00e1s\u00e1n. Vychov\u00e1vaj\u00ed spolu syna Mat\u011bje a v\u00a0sou\u010dasn\u00e9 dob\u011b vedou kurzy Kraniosakr\u00e1ln\u00ed j\u00f3gy\u00ae. V roce 2017 vydali knihu Francis L. Minerve &#8211; Kraniosakr\u00e1ln\u00ed j\u00f3ga\u00ae \u00a0a jsou zakladateli Evropsk\u00e9ho centra kraniosakr\u00e1ln\u00ed j\u00f3gy.<\/p>\n<p><img loading=\"lazy\" decoding=\"async\" class=\"aligncenter size-medium wp-image-210\" src=\"http:\/\/www.craniosacralyoga.eu\/wp-content\/uploads\/2017\/12\/lektori-300x259.jpg\" alt=\"\" width=\"300\" height=\"259\" srcset=\"https:\/\/www.craniosacralyoga.eu\/wp-content\/uploads\/2017\/12\/lektori-300x259.jpg 300w, https:\/\/www.craniosacralyoga.eu\/wp-content\/uploads\/2017\/12\/lektori-200x173.jpg 200w, https:\/\/www.craniosacralyoga.eu\/wp-content\/uploads\/2017\/12\/lektori.jpg 478w\" sizes=\"(max-width: 300px) 100vw, 300px\" \/><\/p>\n<\/div>\n\t\t<\/div><\/div><\/div><\/div><\/div><\/div>","protected":false},"excerpt":{"rendered":"<p>LUCIE a RADEK R\u00e1di medituj\u00ed, cestuj\u00ed a lezou po skal\u00e1ch. Znaj\u00ed se u\u017e p\u0159es dvacet let a p\u011bt let jsou&nbsp;[&hellip;]<\/p>\n","protected":false},"author":1,"featured_media":0,"parent":0,"menu_order":0,"comment_status":"closed","ping_status":"closed","template":"page-templates\/template_fullwidth.php","meta":{"footnotes":""},"aioseo_notices":[],"_links":{"self":[{"href":"https:\/\/www.craniosacralyoga.eu\/index.php\/wp-json\/wp\/v2\/pages\/221"}],"collection":[{"href":"https:\/\/www.craniosacralyoga.eu\/index.php\/wp-json\/wp\/v2\/pages"}],"about":[{"href":"https:\/\/www.craniosacralyoga.eu\/index.php\/wp-json\/wp\/v2\/types\/page"}],"author":[{"embeddable":true,"href":"https:\/\/www.craniosacralyoga.eu\/index.php\/wp-json\/wp\/v2\/users\/1"}],"replies":[{"embeddable":true,"href":"https:\/\/www.craniosacralyoga.eu\/index.php\/wp-json\/wp\/v2\/comments?post=221"}],"version-history":[{"count":4,"href":"https:\/\/www.craniosacralyoga.eu\/index.php\/wp-json\/wp\/v2\/pages\/221\/revisions"}],"predecessor-version":[{"id":227,"href":"https:\/\/www.craniosacralyoga.eu\/index.php\/wp-json\/wp\/v2\/pages\/221\/revisions\/227"}],"wp:attachment":[{"href":"https:\/\/www.craniosacralyoga.eu\/index.php\/wp-json\/wp\/v2\/media?parent=221"}],"curies":[{"name":"wp","href":"https:\/\/api.w.org\/{rel}","templated":true}]}}